{"id":2408,"date":"2022-12-08T08:16:06","date_gmt":"2022-12-08T12:16:06","guid":{"rendered":"https:\/\/riodacasca.com.br\/wd\/?page_id=2408"},"modified":"2023-02-24T15:53:05","modified_gmt":"2023-02-24T19:53:05","slug":"visite-guimaraes","status":"publish","type":"page","link":"https:\/\/riodacasca.com.br\/wd\/visite-guimaraes\/","title":{"rendered":"Visite Guimar\u00e3es"},"content":{"rendered":"<div class=\"wp-block-image\">\n<figure class=\"aligncenter\"><a href=\"https:\/\/lignumdraco.wordpress.com\/2019\/08\/12\/a-visit-to-guimaraes\/guimaraes-2019-01\/#main\"><img decoding=\"async\" src=\"https:\/\/lignumdraco.files.wordpress.com\/2019\/08\/guimaraes-2019-01.jpg?w=1272\" alt=\"\" class=\"wp-image-15230\"\/><\/a><\/figure>\n<\/div>\n\n\n<p>\u201cO castelo de Guimar\u00e3es\u201d<\/p>\n\n\n\n<p class=\"has-medium-font-size\">Acima, est\u00e1 o antigo castelo de Guimar\u00e3es (Castelo de Guimar\u00e3es), um castelo medieval originalmente constru\u00eddo no s\u00e9culo X para se defender dos ataques dos mouros e n\u00f3rdicos.&nbsp;O pequeno castelo fica no topo da colina do Largo.<\/p>\n\n\n\n<p><\/p>\n\n\n<div class=\"wp-block-image\">\n<figure class=\"aligncenter\"><a href=\"https:\/\/lignumdraco.wordpress.com\/2019\/08\/12\/a-visit-to-guimaraes\/guimaraes-2019-02\/#main\"><img decoding=\"async\" src=\"https:\/\/lignumdraco.files.wordpress.com\/2019\/08\/guimaraes-2019-02.jpg?w=1272\" alt=\"\" class=\"wp-image-15232\"\/><\/a><\/figure>\n<\/div>\n\n\n<p><strong>\u201cDentro do castelo\u201d<\/strong><\/p>\n\n\n\n<p class=\"has-medium-font-size\">O castelo est\u00e1 em ru\u00edna parcial.&nbsp;Em contraste com a minha visita a&nbsp;\u00d3bidos&nbsp;, o tempo estava perfeito.&nbsp;Tamb\u00e9m ao contr\u00e1rio das&nbsp;Muralhas de \u00d3bidos&nbsp;, as muralhas eram largas com grades de seguran\u00e7a.&nbsp;Onde est\u00e1 a emo\u00e7\u00e3o e o desafio nisso?<\/p>\n\n\n\n<figure class=\"wp-block-image\"><a href=\"https:\/\/lignumdraco.wordpress.com\/2019\/08\/12\/a-visit-to-guimaraes\/guimaraes-2019-03\/#main\"><img decoding=\"async\" src=\"https:\/\/lignumdraco.files.wordpress.com\/2019\/08\/guimaraes-2019-03.jpg?w=1272\" alt=\"\" class=\"wp-image-15235\"\/><\/a><\/figure>\n\n\n\n<p>\u201cRei do castelo\u201d<\/p>\n\n\n\n<p class=\"has-medium-font-size\">Guimar\u00e3es foi povoada pela primeira vez no s\u00e9culo IX e tem uma import\u00e2ncia hist\u00f3rica significativa devido ao papel que desempenhou na funda\u00e7\u00e3o de Portugal.&nbsp;A cidade \u00e9 muitas vezes referida como o \u201cber\u00e7o da nacionalidade portuguesa\u201d ou \u201ca cidade ber\u00e7o\u201d porque se acredita que o primeiro rei de Portugal, D. Afonso Henriques (est\u00e1tua na foto acima), nasceu l\u00e1, e tamb\u00e9m devido ao fato que a Batalha de S\u00e3o Mamede \u2013 considerada o evento seminal para a funda\u00e7\u00e3o do Reino de Portugal \u2013 foi travada nas imedia\u00e7\u00f5es da cidade.<\/p>\n\n\n\n<figure class=\"wp-block-image\"><a href=\"https:\/\/lignumdraco.wordpress.com\/2019\/08\/12\/a-visit-to-guimaraes\/guimaraes-2019-04\/#main\"><img decoding=\"async\" src=\"https:\/\/lignumdraco.files.wordpress.com\/2019\/08\/guimaraes-2019-04.jpg?w=1272\" alt=\"\" class=\"wp-image-15237\"\/><\/a><\/figure>\n\n\n\n<p>\u201cPa\u00e7o dos Duques de Bragan\u00e7a\u201d<\/p>\n\n\n\n<p class=\"has-medium-font-size\">Vis\u00edvel das muralhas do castelo est\u00e1 o Pa\u00e7o dos Duques de Bragan\u00e7a (Pa\u00e7o dos Duques de Bragan\u00e7a), uma propriedade medieval, e agora Monumento Nacional, constru\u00eddo no in\u00edcio do s\u00e9culo XV.<\/p>\n\n\n\n<figure class=\"wp-block-image\"><a href=\"https:\/\/lignumdraco.wordpress.com\/2019\/08\/12\/a-visit-to-guimaraes\/guimaraes-2019-05\/#main\"><img decoding=\"async\" src=\"https:\/\/lignumdraco.files.wordpress.com\/2019\/08\/guimaraes-2019-05.jpg?w=1272\" alt=\"\" class=\"wp-image-15238\"\/><\/a><\/figure>\n\n\n\n<p>\u201cVim ver suas tape\u00e7arias\u201d<\/p>\n\n\n\n<p class=\"has-medium-font-size\">Entre um vasto esp\u00f3lio dos s\u00e9culos XVI e XVII, o Pal\u00e1cio alberga as tape\u00e7arias de Pastrana, que narram alguns dos acontecimentos das conquistas portuguesas no Norte de \u00c1frica, atribu\u00eddas a Nuno Gon\u00e7alves.<\/p>\n\n\n\n<figure class=\"wp-block-image\"><a href=\"https:\/\/lignumdraco.wordpress.com\/2019\/08\/12\/a-visit-to-guimaraes\/guimaraes-2019-06\/#main\"><img decoding=\"async\" src=\"https:\/\/lignumdraco.files.wordpress.com\/2019\/08\/guimaraes-2019-06.jpg?w=1272\" alt=\"\" class=\"wp-image-15245\"\/><\/a><\/figure>\n\n\n\n<p>\u201cNas ruas de Guimar\u00e3es\u201d<\/p>\n\n\n\n<p class=\"has-medium-font-size\">Guimar\u00e3es \u00e9 uma cidade e munic\u00edpio localizado no norte de Portugal.&nbsp;O centro hist\u00f3rico da cidade est\u00e1 listado como Patrim\u00f4nio Mundial da UNESCO desde 2001, em reconhecimento por ser um \u201cexemplo excepcionalmente bem preservado e aut\u00eantico da evolu\u00e7\u00e3o de um assentamento medieval em uma cidade moderna\u201d na Europa.&nbsp;Aqui est\u00e3o alguns outros pontos tur\u00edsticos da minha visita a Guimar\u00e3es\u2026<\/p>\n\n\n\n<figure class=\"wp-block-image\"><a href=\"https:\/\/lignumdraco.wordpress.com\/2019\/08\/12\/a-visit-to-guimaraes\/guimaraes-2019-07\/#main\"><img decoding=\"async\" src=\"https:\/\/lignumdraco.files.wordpress.com\/2019\/08\/guimaraes-2019-07.jpg?w=1272\" alt=\"\" class=\"wp-image-15249\"\/><\/a><\/figure>\n\n\n\n<p>\u201cLargo de S\u00e3o Tiago\u201d<\/p>\n\n\n\n<p class=\"has-medium-font-size\">Constituindo uma zona muito antiga da cidade, esta pra\u00e7a est\u00e1 rodeada por belas casas de fei\u00e7\u00e3o tipicamente nortenha, constru\u00e7\u00f5es simples de tr\u00eas pisos dos s\u00e9culos XVI e XVII.&nbsp;Reza a tradi\u00e7\u00e3o que o Ap\u00f3stolo S\u00e3o Tiago trouxe para Guimar\u00e3es uma imagem da Virgem Maria, que colocou num templo pag\u00e3o que existia neste local, pelo que a partir da\u00ed o local ficou conhecido como Pra\u00e7a de S\u00e3o Tiago (S\u00e3o Tiago). .<\/p>\n\n\n\n<p>Ver a mulher \u00e0 esquerda pendurando a roupa para secar me lembrou que, apesar de toda a hist\u00f3ria de lugares como este, as pessoas t\u00eam que continuar com suas atividades habituais, mesmo que seja estender a roupa onde todos possam ver.<\/p>\n\n\n\n<figure class=\"wp-block-image\"><a href=\"https:\/\/lignumdraco.wordpress.com\/2019\/08\/12\/a-visit-to-guimaraes\/guimaraes-2019-08\/#main\"><img decoding=\"async\" src=\"https:\/\/lignumdraco.files.wordpress.com\/2019\/08\/guimaraes-2019-08.jpg?w=1272\" alt=\"\" class=\"wp-image-15250\"\/><\/a><\/figure>\n\n\n\n<p class=\"has-medium-font-size\">\u201cJardim do Carmo\u201d<\/p>\n\n\n\n<figure class=\"wp-block-image\"><a href=\"https:\/\/lignumdraco.wordpress.com\/2019\/08\/12\/a-visit-to-guimaraes\/guimaraes-2019-09\/#main\"><img decoding=\"async\" src=\"https:\/\/lignumdraco.files.wordpress.com\/2019\/08\/guimaraes-2019-09.jpg?w=1272\" alt=\"\" class=\"wp-image-15251\"\/><\/a><\/figure>\n\n\n\n<p class=\"has-medium-font-size\">\u201cDan\u00e7arinos tradicionais\u201d<\/p>\n\n\n\n<figure class=\"wp-block-image\"><a href=\"https:\/\/lignumdraco.wordpress.com\/2019\/08\/12\/a-visit-to-guimaraes\/guimaraes-2019-15\/#main\"><img decoding=\"async\" src=\"https:\/\/lignumdraco.files.wordpress.com\/2019\/08\/guimaraes-2019-15.jpg?w=1272\" alt=\"\" class=\"wp-image-15267\"\/><\/a><\/figure>\n\n\n\n<p>&#8220;Senhoras&#8221;<\/p>\n\n\n\n<p class=\"has-medium-font-size\">Azulejos fora da Capela a Virgem Maria, Senhora Nossa (Capela da Virgem Maria, Nossa Senhora)<\/p>\n\n\n\n<figure class=\"wp-block-image\"><a href=\"https:\/\/lignumdraco.wordpress.com\/2019\/08\/12\/a-visit-to-guimaraes\/guimaraes-2019-14\/#main\"><img decoding=\"async\" src=\"https:\/\/lignumdraco.files.wordpress.com\/2019\/08\/guimaraes-2019-14.jpg?w=1272\" alt=\"\" class=\"wp-image-15263\"\/><\/a><\/figure>\n\n\n\n<p class=\"has-medium-font-size\">\u201cFachadas de Guimar\u00e3es\u201d<\/p>\n\n\n\n<figure class=\"wp-block-image\"><a href=\"https:\/\/lignumdraco.wordpress.com\/2019\/08\/12\/a-visit-to-guimaraes\/guimaraes-2019-12\/#main\"><img decoding=\"async\" src=\"https:\/\/lignumdraco.files.wordpress.com\/2019\/08\/guimaraes-2019-12.jpg?w=1272\" alt=\"\" class=\"wp-image-15254\"\/><\/a><\/figure>\n\n\n\n<p>\u201cPela avenida\u201d<\/p>\n\n\n\n<p class=\"has-medium-font-size\">O Largo Rep\u00fablica do Brasil leva \u00e0 Igreja de Nossa Senhora da Consola\u00e7\u00e3o e Santos Passos.\u00a0Mais uma igreja em Portugal, revestida de azulejos no seu exterior.<\/p>\n","protected":false},"excerpt":{"rendered":"<p>\u201cO castelo de Guimar\u00e3es\u201d Acima, est\u00e1 o antigo castelo de Guimar\u00e3es (Castelo de Guimar\u00e3es), um castelo medieval originalmente constru\u00eddo no s\u00e9culo X para se defender dos ataques dos mouros e n\u00f3rdicos.&nbsp;O pequeno castelo fica no topo da colina do Largo. \u201cDentro do castelo\u201d O castelo est\u00e1 em ru\u00edna parcial.&nbsp;Em contraste com a minha visita a&nbsp;\u00d3bidos&nbsp;, [&hellip;]<\/p>\n","protected":false},"author":1,"featured_media":0,"parent":0,"menu_order":0,"comment_status":"closed","ping_status":"closed","template":"","meta":{"_import_markdown_pro_load_document_selector":0,"_import_markdown_pro_submit_text_textarea":"","two_page_speed":[],"_joinchat":[],"footnotes":""},"class_list":["post-2408","page","type-page","status-publish","hentry"],"_links":{"self":[{"href":"https:\/\/riodacasca.com.br\/wd\/wp-json\/wp\/v2\/pages\/2408","targetHints":{"allow":["GET"]}}],"collection":[{"href":"https:\/\/riodacasca.com.br\/wd\/wp-json\/wp\/v2\/pages"}],"about":[{"href":"https:\/\/riodacasca.com.br\/wd\/wp-json\/wp\/v2\/types\/page"}],"author":[{"embeddable":true,"href":"https:\/\/riodacasca.com.br\/wd\/wp-json\/wp\/v2\/users\/1"}],"replies":[{"embeddable":true,"href":"https:\/\/riodacasca.com.br\/wd\/wp-json\/wp\/v2\/comments?post=2408"}],"version-history":[{"count":3,"href":"https:\/\/riodacasca.com.br\/wd\/wp-json\/wp\/v2\/pages\/2408\/revisions"}],"predecessor-version":[{"id":2599,"href":"https:\/\/riodacasca.com.br\/wd\/wp-json\/wp\/v2\/pages\/2408\/revisions\/2599"}],"wp:attachment":[{"href":"https:\/\/riodacasca.com.br\/wd\/wp-json\/wp\/v2\/media?parent=2408"}],"curies":[{"name":"wp","href":"https:\/\/api.w.org\/{rel}","templated":true}]}}