{"id":2452,"date":"2022-12-28T15:51:03","date_gmt":"2022-12-28T19:51:03","guid":{"rendered":"https:\/\/riodacasca.com.br\/wd\/?page_id=2452"},"modified":"2026-03-19T17:49:39","modified_gmt":"2026-03-19T21:49:39","slug":"canal-casca","status":"publish","type":"page","link":"https:\/\/riodacasca.com.br\/wd\/canal-casca\/","title":{"rendered":"Canal Casca"},"content":{"rendered":"\n<p class=\"has-text-align-center has-black-color has-text-color has-link-color has-large-font-size wp-elements-7b4c250605fce6962fa4c19bbb9744d0\"><strong>Bem-vindo ao canal Rio da Casca \u2013 onde a \u00e1gua conta hist\u00f3rias e as pedras guardam segredos!<\/strong><\/p>\n\n\n\n<blockquote class=\"wp-block-quote is-layout-flow wp-block-quote-is-layout-flow\">\n<p class=\"has-black-color has-white-background-color has-text-color has-background has-link-color has-medium-font-size wp-elements-51bdaac27e03145204d190a010bbf5e0\"><strong>Aqui voc\u00ea vai:<\/strong><\/p>\n\n\n\n<p class=\"has-black-color has-white-background-color has-text-color has-background has-link-color wp-elements-766c12cbba7981b0013f817ad825e113\">Viajar no tempo, indo at\u00e9 1928, quando a Usina Casca I acendeu as primeiras l\u00e2mpadas de Cuiab\u00e1 \u00e9 inaugura\u00e7\u00e3o da era da eletricidade no Mato Grosso;<\/p>\n\n\n\n<p class=\"has-black-color has-white-background-color has-text-color has-background has-link-color wp-elements-be438544bba879599a7340fca3d7670c\">Conhecer o charmoso Chal\u00e9 dos Governadores (1929) \u2013 palco de decis\u00f5es pol\u00edticas e de causos que s\u00f3 a cachoeira ao lado testemunhou;<\/p>\n\n\n\n<p class=\"has-black-color has-white-background-color has-text-color has-background has-link-color wp-elements-bdaa21d3cbf4f41811bd51d908012a78\">Desvendar as ra\u00edzes afro-brasileiras das comunidades quilombolas Mata Grande, Lagoinha de Cima e Lagoinha de Baixo, descendentes do antigo Engenho S\u00e3o Rom\u00e3o do portugu\u00eas Valentim da Cruz;<\/p>\n\n\n\n<p class=\"has-black-color has-white-background-color has-text-color has-background has-link-color wp-elements-1978ec9ed0aa3014007f1253e227cff5\">Sentir a for\u00e7a da maior cachoeira da Chapada (Casca 1), mergulhar no Po\u00e7o do Pacu e se encantar com a m\u00edstica cachoeira da Pedra Furada;<\/p>\n\n\n\n<p class=\"has-black-color has-white-background-color has-text-color has-background has-link-color wp-elements-2e3c93c7232a738ef7420dc6a4e132ae\">Trocar ideias sobre conserva\u00e7\u00e3o no \u00fanico Santu\u00e1rio de Elefantes da Am\u00e9rica Latina \u2013 sim, eles tamb\u00e9m s\u00e3o moradores ilustres por aqui;<\/p>\n\n\n\n<p class=\"has-black-color has-white-background-color has-text-color has-background has-link-color wp-elements-bccd0cd215f25a690dc2ebb719b7d9e9\">Explorar o territ\u00f3rio do Geoparque Chapada dos Guimar\u00e3es\/UNESCO, onde cada pared\u00e3o \u00e9 um par\u00e1grafo da hist\u00f3ria da Terra. <\/p>\n\n\n\n<p class=\"has-black-color has-white-background-color has-text-color has-background has-link-color wp-elements-5f4f49464b8429cba9065519b47048f1\"><strong>Aqui, o passado corre feito \u00e1gua e o futuro nasce em cada gota.<\/strong><\/p>\n<\/blockquote>\n\n\n\n<iframe width=\"560\" height=\"315\" src=\"https:\/\/www.youtube.com\/embed\/uHrEkcEyg5E?si=XCuDrI299HL314fB\" title=\"YouTube video player\" frameborder=\"0\" allow=\"accelerometer; autoplay; clipboard-write; encrypted-media; gyroscope; picture-in-picture; web-share\" referrerpolicy=\"strict-origin-when-cross-origin\" allowfullscreen><\/iframe>\n\n\n\n<iframe width=\"560\" height=\"315\" src=\"https:\/\/www.youtube.com\/embed\/8TNl_wKnS18?si=6lGKCv-OoMMMoY5y\" title=\"YouTube video player\" frameborder=\"0\" allow=\"accelerometer; autoplay; clipboard-write; encrypted-media; gyroscope; picture-in-picture; web-share\" referrerpolicy=\"strict-origin-when-cross-origin\" allowfullscreen><\/iframe>\n\n\n\n<p><\/p>\n","protected":false},"excerpt":{"rendered":"<p>Bem-vindo ao canal Rio da Casca \u2013 onde a \u00e1gua conta hist\u00f3rias e as pedras guardam segredos! Aqui voc\u00ea vai: Viajar no tempo, indo at\u00e9 1928, quando a Usina Casca I acendeu as primeiras l\u00e2mpadas de Cuiab\u00e1 \u00e9 inaugura\u00e7\u00e3o da era da eletricidade no Mato Grosso; Conhecer o charmoso Chal\u00e9 dos Governadores (1929) \u2013 palco [&hellip;]<\/p>\n","protected":false},"author":1,"featured_media":0,"parent":0,"menu_order":0,"comment_status":"closed","ping_status":"closed","template":"","meta":{"_import_markdown_pro_load_document_selector":0,"_import_markdown_pro_submit_text_textarea":"","two_page_speed":[],"_joinchat":[],"footnotes":""},"class_list":["post-2452","page","type-page","status-publish","hentry"],"_links":{"self":[{"href":"https:\/\/riodacasca.com.br\/wd\/wp-json\/wp\/v2\/pages\/2452","targetHints":{"allow":["GET"]}}],"collection":[{"href":"https:\/\/riodacasca.com.br\/wd\/wp-json\/wp\/v2\/pages"}],"about":[{"href":"https:\/\/riodacasca.com.br\/wd\/wp-json\/wp\/v2\/types\/page"}],"author":[{"embeddable":true,"href":"https:\/\/riodacasca.com.br\/wd\/wp-json\/wp\/v2\/users\/1"}],"replies":[{"embeddable":true,"href":"https:\/\/riodacasca.com.br\/wd\/wp-json\/wp\/v2\/comments?post=2452"}],"version-history":[{"count":16,"href":"https:\/\/riodacasca.com.br\/wd\/wp-json\/wp\/v2\/pages\/2452\/revisions"}],"predecessor-version":[{"id":2701,"href":"https:\/\/riodacasca.com.br\/wd\/wp-json\/wp\/v2\/pages\/2452\/revisions\/2701"}],"wp:attachment":[{"href":"https:\/\/riodacasca.com.br\/wd\/wp-json\/wp\/v2\/media?parent=2452"}],"curies":[{"name":"wp","href":"https:\/\/api.w.org\/{rel}","templated":true}]}}