{"id":322,"date":"2016-12-29T17:22:11","date_gmt":"2016-12-29T21:22:11","guid":{"rendered":"http:\/\/riodacasca.com.br\/wd\/?page_id=322"},"modified":"2022-12-12T07:10:57","modified_gmt":"2022-12-12T11:10:57","slug":"posts","status":"publish","type":"page","link":"https:\/\/riodacasca.com.br\/wd\/posts\/","title":{"rendered":"Posts"},"content":{"rendered":"<div class=\"wp-block-post-excerpt\"><p class=\"wp-block-post-excerpt__excerpt\"> <\/p><\/div>\n\n\n<div class=\"wp-block-query is-layout-flow wp-block-query-is-layout-flow\"><ul class=\"is-flex-container columns-3 wp-block-post-template is-layout-flow wp-block-post-template-is-layout-flow\"><li class=\"wp-block-post post-2662 post type-post status-publish format-standard hentry category-uncategorized\">\n\n<div class=\"wp-block-group\" style=\"padding-top:30px;padding-right:30px;padding-bottom:30px;padding-left:30px\"><div class=\"wp-block-group__inner-container is-layout-flow wp-block-group-is-layout-flow\"><h2 class=\"wp-block-post-title\"><a href=\"https:\/\/riodacasca.com.br\/wd\/2024\/06\/12\/companhia-mineira-de-eletricidade\/\" target=\"_self\" >Companhia Mineira de Eletricidade<\/a><\/h2>\n\n<div class=\"wp-block-post-excerpt\"><p class=\"wp-block-post-excerpt__excerpt\">Pequenas usinas hidrel\u00e9tricas: o caso da usina de Marmelos Almir Pita Freitas Filho Dr. Sc \u2013 IE\/UFRJ &#8211; almir@ie.ufrj.br Antonio Lopes de Souza PhD \u2013 LANTEG\/DEE\/UFRJ &#8211; lopes@dee.ufrj.br Margareth Guimar\u00e3es Martins Dr. Sc \u2013 LANTEG\/DEE\/UFRJ &#8211; meggmartins@globo.com Maria Ana Quaglino PhD \u2013 LANTEG\/DEE\/UFRJ &#8211; mariaanaquaglino@globo.com Sergio Sami Hazan PhD \u2013 LANTEG\/DEE\/UFRJ &#8211; sergio@dee.ufrj.br Resumo Este&hellip; <\/p><\/div>\n\n<div class=\"wp-block-post-date\"><time datetime=\"2024-06-12T17:40:33-04:00\">12\/06\/2024<\/time><\/div><\/div><\/div>\n\n<\/li><li class=\"wp-block-post post-2660 post type-post status-publish format-standard hentry category-uncategorized\">\n\n<div class=\"wp-block-group\" style=\"padding-top:30px;padding-right:30px;padding-bottom:30px;padding-left:30px\"><div class=\"wp-block-group__inner-container is-layout-flow wp-block-group-is-layout-flow\"><h2 class=\"wp-block-post-title\"><a href=\"https:\/\/riodacasca.com.br\/wd\/2024\/06\/12\/primeira-usina-hidreletrica-da-america-latina\/\" target=\"_self\" >Primeira usina hidrel\u00e9trica da Am\u00e9rica Latina<\/a><\/h2>\n\n<div class=\"wp-block-post-excerpt\"><p class=\"wp-block-post-excerpt__excerpt\">O Complexo Hidrel\u00e9trico de Marmelos foi fundado em 1889, em Juiz de Fora, na Zona da Mata mineira, Marmelos \u00e9 considerado o primeiro grande parque gerador de energia do Brasil e da Am\u00e9rica do Sul. Hoje, as instala\u00e7\u00f5es que foram um marco para o desenvolvimento do setor el\u00e9trico nacional abrigam um museu e ainda geram&hellip; <\/p><\/div>\n\n<div class=\"wp-block-post-date\"><time datetime=\"2024-06-12T17:08:43-04:00\">12\/06\/2024<\/time><\/div><\/div><\/div>\n\n<\/li><li class=\"wp-block-post post-2652 post type-post status-publish format-standard hentry category-uncategorized\">\n\n<div class=\"wp-block-group\" style=\"padding-top:30px;padding-right:30px;padding-bottom:30px;padding-left:30px\"><div class=\"wp-block-group__inner-container is-layout-flow wp-block-group-is-layout-flow\"><h2 class=\"wp-block-post-title\"><a href=\"https:\/\/riodacasca.com.br\/wd\/2024\/06\/12\/bernardo-mascarenhas-2\/\" target=\"_self\" >Bernardo Mascarenhas<\/a><\/h2>\n\n<div class=\"wp-block-post-excerpt\"><p class=\"wp-block-post-excerpt__excerpt\">Bernardo Mascarenhas Verbete: Nascido em Curvelo, Minas Gerais, em 30 de maio de 1847, e falecido em Juiz de Fora, no mesmo estado, em 09 de outubro de 1899. Aos 12 anos come\u00e7ou os estudos no tradicional col\u00e9gio mineiro, chamado Cara\u00e7a. Por\u00e9m n\u00e3o ingressou em nenhuma faculdade, n\u00e3o dando assim, prosseguimento aos estudos acad\u00eamicos. Ainda&hellip; <\/p><\/div>\n\n<div class=\"wp-block-post-date\"><time datetime=\"2024-06-12T12:02:19-04:00\">12\/06\/2024<\/time><\/div><\/div><\/div>\n\n<\/li><li class=\"wp-block-post post-2607 post type-post status-publish format-standard hentry category-historia tag-chapada-dos-guimaraes\">\n\n<div class=\"wp-block-group\" style=\"padding-top:30px;padding-right:30px;padding-bottom:30px;padding-left:30px\"><div class=\"wp-block-group__inner-container is-layout-flow wp-block-group-is-layout-flow\"><h2 class=\"wp-block-post-title\"><a href=\"https:\/\/riodacasca.com.br\/wd\/2023\/03\/02\/osvaldo-braun\/\" target=\"_self\" >Osvaldo Braun<\/a><\/h2>\n\n<div class=\"wp-block-post-excerpt\"><p class=\"wp-block-post-excerpt__excerpt\">O \u201cM\u00c9DICO-CHEFE\u201d DE CHAPADA No m\u00eas de maio de 1941 dirigia-se pelo Pac\u00edfico para a Am\u00e9rica Central um grande navio de passageiros. Na popa tremulava em cores vivas a bandeira nacional do pa\u00eds do Sol Nascente, o ponto vermelho sobre o fundo branco brilhante. Era o Nana-Maru, o \u00faltimo navio japon\u00eas a cruzar as reclusas&hellip; <\/p><\/div>\n\n<div class=\"wp-block-post-date\"><time datetime=\"2023-03-02T13:40:33-04:00\">02\/03\/2023<\/time><\/div><\/div><\/div>\n\n<\/li><li class=\"wp-block-post post-2564 post type-post status-publish format-standard has-post-thumbnail hentry category-estacao-ecologica\">\n\n<div class=\"wp-block-group\" style=\"padding-top:30px;padding-right:30px;padding-bottom:30px;padding-left:30px\"><div class=\"wp-block-group__inner-container is-layout-flow wp-block-group-is-layout-flow\"><h2 class=\"wp-block-post-title\"><a href=\"https:\/\/riodacasca.com.br\/wd\/2023\/01\/31\/os-nossos-andorinhoes-onde-estao\/\" target=\"_self\" >Os nossos Andorinh\u00f5es, onde est\u00e3o?<\/a><\/h2>\n\n<div class=\"wp-block-post-excerpt\"><p class=\"wp-block-post-excerpt__excerpt\">Os andorinh\u00f5es comp\u00f5em uma fam\u00edlia de aves que se assemelham a andorinhas mas que s\u00e3o parentes dos beija-flores, compondo a ordem Apodiformes. S\u00e3o inset\u00edvoros extremamente especializados que passam todo o dia voando atr\u00e1s de insetos que andam em enxames e que dormem em pared\u00f5es atr\u00e1s de cachoeiras ou em cavernas. Nesse sentido, \u00e9 importante deixar&hellip; <\/p><\/div>\n\n<div class=\"wp-block-post-date\"><time datetime=\"2023-01-31T15:05:22-04:00\">31\/01\/2023<\/time><\/div><\/div><\/div>\n\n<\/li><li class=\"wp-block-post post-2554 post type-post status-publish format-standard hentry category-uncategorized\">\n\n<div class=\"wp-block-group\" style=\"padding-top:30px;padding-right:30px;padding-bottom:30px;padding-left:30px\"><div class=\"wp-block-group__inner-container is-layout-flow wp-block-group-is-layout-flow\"><h2 class=\"wp-block-post-title\"><a href=\"https:\/\/riodacasca.com.br\/wd\/2023\/01\/20\/delmiro-gouveia\/\" target=\"_self\" >Delmiro Gouveia<\/a><\/h2>\n\n<div class=\"wp-block-post-excerpt\"><p class=\"wp-block-post-excerpt__excerpt\">No ano de 1914, em plena caatinga, surge o lugarejo com o nome de Pedra, onde se materializa toda a for\u00e7a do empreendedorismo. O que vemos naquele cen\u00e1rio de mais de um s\u00e9culo? Vemos um tra\u00e7ado moderno de ruas, com resid\u00eancias de bom padr\u00e3o, em alvenaria, servidas por \u00e1gua, eletricidade e sistema de esgoto. Os&hellip; <\/p><\/div>\n\n<div class=\"wp-block-post-date\"><time datetime=\"2023-01-20T12:16:53-04:00\">20\/01\/2023<\/time><\/div><\/div><\/div>\n\n<\/li><\/ul><\/div>\n","protected":false},"excerpt":{"rendered":"","protected":false},"author":767,"featured_media":0,"parent":0,"menu_order":10,"comment_status":"open","ping_status":"closed","template":"","meta":{"_import_markdown_pro_load_document_selector":0,"_import_markdown_pro_submit_text_textarea":"","two_page_speed":[],"_joinchat":[],"footnotes":""},"class_list":["post-322","page","type-page","status-publish","hentry"],"_links":{"self":[{"href":"https:\/\/riodacasca.com.br\/wd\/wp-json\/wp\/v2\/pages\/322","targetHints":{"allow":["GET"]}}],"collection":[{"href":"https:\/\/riodacasca.com.br\/wd\/wp-json\/wp\/v2\/pages"}],"about":[{"href":"https:\/\/riodacasca.com.br\/wd\/wp-json\/wp\/v2\/types\/page"}],"author":[{"embeddable":true,"href":"https:\/\/riodacasca.com.br\/wd\/wp-json\/wp\/v2\/users\/767"}],"replies":[{"embeddable":true,"href":"https:\/\/riodacasca.com.br\/wd\/wp-json\/wp\/v2\/comments?post=322"}],"version-history":[{"count":7,"href":"https:\/\/riodacasca.com.br\/wd\/wp-json\/wp\/v2\/pages\/322\/revisions"}],"predecessor-version":[{"id":2597,"href":"https:\/\/riodacasca.com.br\/wd\/wp-json\/wp\/v2\/pages\/322\/revisions\/2597"}],"wp:attachment":[{"href":"https:\/\/riodacasca.com.br\/wd\/wp-json\/wp\/v2\/media?parent=322"}],"curies":[{"name":"wp","href":"https:\/\/api.w.org\/{rel}","templated":true}]}}